{"id":527,"date":"2021-09-02T16:22:37","date_gmt":"2021-09-02T19:22:37","guid":{"rendered":"https:\/\/zouglee.com.br\/site\/?page_id=527"},"modified":"2023-04-27T08:07:18","modified_gmt":"2023-04-27T11:07:18","slug":"a-zouglee","status":"publish","type":"page","link":"https:\/\/zouglee.com.br\/site\/a-zouglee\/","title":{"rendered":"A Zouglee"},"content":{"rendered":"\t\t<div data-elementor-type=\"wp-page\" data-elementor-id=\"527\" class=\"elementor elementor-527\" data-elementor-settings=\"[]\">\n\t\t\t\t\t\t\t<div class=\"elementor-section-wrap\">\n\t\t\t\t\t\t\t<section class=\"elementor-section elementor-top-section elementor-element elementor-element-4b77eae elementor-section-boxed elementor-section-height-default elementor-section-height-default\" data-id=\"4b77eae\" data-element_type=\"section\" data-settings=\"{&quot;background_background&quot;:&quot;classic&quot;}\">\n\t\t\t\t\t\t\t<div class=\"elementor-background-overlay\"><\/div>\n\t\t\t\t\t\t\t<div class=\"elementor-container elementor-column-gap-no\">\n\t\t\t\t\t<div class=\"elementor-column elementor-col-100 elementor-top-column elementor-element elementor-element-35e85e6\" data-id=\"35e85e6\" data-element_type=\"column\">\n\t\t\t<div class=\"elementor-widget-wrap elementor-element-populated\">\n\t\t\t\t\t\t\t\t\t<\/div>\n\t\t<\/div>\n\t\t\t\t\t\t\t<\/div>\n\t\t<\/section>\n\t\t\t\t<section class=\"elementor-section elementor-top-section elementor-element elementor-element-dc67c03 elementor-section-full_width elementor-section-height-default elementor-section-height-default\" data-id=\"dc67c03\" data-element_type=\"section\">\n\t\t\t\t\t\t<div class=\"elementor-container elementor-column-gap-no\">\n\t\t\t\t\t<div class=\"elementor-column elementor-col-50 elementor-top-column elementor-element elementor-element-43c3369\" data-id=\"43c3369\" data-element_type=\"column\">\n\t\t\t<div class=\"elementor-widget-wrap elementor-element-populated\">\n\t\t\t\t\t\t\t\t<div class=\"elementor-element elementor-element-08d7a06 elementor-headline--style-highlight elementor-widget elementor-widget-animated-headline\" data-id=\"08d7a06\" data-element_type=\"widget\" data-settings=\"{&quot;highlighted_text&quot;:&quot;com a Educa\\u00e7\\u00e3o!&quot;,&quot;highlight_animation_duration&quot;:3000,&quot;marker&quot;:&quot;underline_zigzag&quot;,&quot;headline_style&quot;:&quot;highlight&quot;}\" data-widget_type=\"animated-headline.default\">\n\t\t\t\t<div class=\"elementor-widget-container\">\n\t\t\t\t\t<h2 class=\"elementor-headline\">\n\t\t\t\t\t<span class=\"elementor-headline-plain-text elementor-headline-text-wrapper\">Somos uma empresa comprometida<\/span>\n\t\t\t\t<span class=\"elementor-headline-dynamic-wrapper elementor-headline-text-wrapper\">\n\t\t\t\t\t<span class=\"elementor-headline-dynamic-text elementor-headline-text-active\">com a Educa\u00e7\u00e3o!<\/span>\n\t\t\t\t<\/span>\n\t\t\t\t<\/h2>\n\t\t\t\t<\/div>\n\t\t\t\t<\/div>\n\t\t\t\t<div class=\"elementor-element elementor-element-b13981a elementor-widget elementor-widget-image\" data-id=\"b13981a\" data-element_type=\"widget\" data-widget_type=\"image.default\">\n\t\t\t\t<div class=\"elementor-widget-container\">\n\t\t\t\t\t<div class=\"elementor-image\">\n\t\t\t\t\t\t\t\t\t\t<img loading=\"lazy\" decoding=\"async\" width=\"1024\" height=\"536\" src=\"https:\/\/zouglee.com.br\/site\/wp-content\/uploads\/2021\/09\/default-1024x536.png\" class=\"attachment-large size-large\" alt=\"\" srcset=\"https:\/\/zouglee.com.br\/site\/wp-content\/uploads\/2021\/09\/default-1024x536.png 1024w, https:\/\/zouglee.com.br\/site\/wp-content\/uploads\/2021\/09\/default-300x157.png 300w, https:\/\/zouglee.com.br\/site\/wp-content\/uploads\/2021\/09\/default-768x402.png 768w, https:\/\/zouglee.com.br\/site\/wp-content\/uploads\/2021\/09\/default-600x314.png 600w, https:\/\/zouglee.com.br\/site\/wp-content\/uploads\/2021\/09\/default.png 1200w\" sizes=\"auto, (max-width: 1024px) 100vw, 1024px\" \/>\t\t\t\t\t\t\t\t\t\t\t<\/div>\n\t\t\t\t<\/div>\n\t\t\t\t<\/div>\n\t\t\t\t\t<\/div>\n\t\t<\/div>\n\t\t\t\t<div class=\"elementor-column elementor-col-50 elementor-top-column elementor-element elementor-element-a16a343\" data-id=\"a16a343\" data-element_type=\"column\">\n\t\t\t<div class=\"elementor-widget-wrap elementor-element-populated\">\n\t\t\t\t\t\t\t\t<div class=\"elementor-element elementor-element-502d4ed elementor-position-left elementor-view-default elementor-vertical-align-top elementor-widget elementor-widget-icon-box\" data-id=\"502d4ed\" data-element_type=\"widget\" data-widget_type=\"icon-box.default\">\n\t\t\t\t<div class=\"elementor-widget-container\">\n\t\t\t\t\t<div class=\"elementor-icon-box-wrapper\">\n\t\t\t\t\t\t<div class=\"elementor-icon-box-icon\">\n\t\t\t\t<span class=\"elementor-icon elementor-animation-\" >\n\t\t\t\t<i aria-hidden=\"true\" class=\"fas fa-bullseye\"><\/i>\t\t\t\t<\/span>\n\t\t\t<\/div>\n\t\t\t\t\t\t<div class=\"elementor-icon-box-content\">\n\t\t\t\t<h3 class=\"elementor-icon-box-title\">\n\t\t\t\t\t<span >MISS\u00c3O<\/span>\n\t\t\t\t<\/h3>\n\t\t\t\t\t\t\t<\/div>\n\t\t<\/div>\n\t\t\t\t<\/div>\n\t\t\t\t<\/div>\n\t\t\t\t<div class=\"elementor-element elementor-element-a90100d elementor-widget elementor-widget-text-editor\" data-id=\"a90100d\" data-element_type=\"widget\" data-widget_type=\"text-editor.default\">\n\t\t\t\t<div class=\"elementor-widget-container\">\n\t\t\t\t\t<div class=\"elementor-text-editor elementor-clearfix\">Empenho para a excel\u00eancia e a qualidade de nossos servi\u00e7os e produtos, fideliza\u00e7\u00e3o dos nossos clientes pela satisfa\u00e7\u00e3o que a empresa promove e valoriza\u00e7\u00e3o do ensino atrav\u00e9s dos recursos e conhecimentos tecnol\u00f3gicos avan\u00e7ados.<\/div>\n\t\t\t\t<\/div>\n\t\t\t\t<\/div>\n\t\t\t\t<div class=\"elementor-element elementor-element-623ec83 elementor-position-left elementor-view-default elementor-vertical-align-top elementor-widget elementor-widget-icon-box\" data-id=\"623ec83\" data-element_type=\"widget\" data-widget_type=\"icon-box.default\">\n\t\t\t\t<div class=\"elementor-widget-container\">\n\t\t\t\t\t<div class=\"elementor-icon-box-wrapper\">\n\t\t\t\t\t\t<div class=\"elementor-icon-box-icon\">\n\t\t\t\t<span class=\"elementor-icon elementor-animation-\" >\n\t\t\t\t<i aria-hidden=\"true\" class=\"fas fa-binoculars\"><\/i>\t\t\t\t<\/span>\n\t\t\t<\/div>\n\t\t\t\t\t\t<div class=\"elementor-icon-box-content\">\n\t\t\t\t<h3 class=\"elementor-icon-box-title\">\n\t\t\t\t\t<span >VIS\u00c3O<\/span>\n\t\t\t\t<\/h3>\n\t\t\t\t\t\t\t<\/div>\n\t\t<\/div>\n\t\t\t\t<\/div>\n\t\t\t\t<\/div>\n\t\t\t\t<div class=\"elementor-element elementor-element-951e632 elementor-widget elementor-widget-text-editor\" data-id=\"951e632\" data-element_type=\"widget\" data-widget_type=\"text-editor.default\">\n\t\t\t\t<div class=\"elementor-widget-container\">\n\t\t\t\t\t<div class=\"elementor-text-editor elementor-clearfix\">Ser uma empresa refer\u00eancia em Educa\u00e7\u00e3o Tecnol\u00f3gica, transformando o ensino de forma global em ferramentas valiosas para toda a vida, pessoal e profissional.<\/div>\n\t\t\t\t<\/div>\n\t\t\t\t<\/div>\n\t\t\t\t<div class=\"elementor-element elementor-element-70c0bf8 elementor-position-left elementor-view-default elementor-vertical-align-top elementor-widget elementor-widget-icon-box\" data-id=\"70c0bf8\" data-element_type=\"widget\" data-widget_type=\"icon-box.default\">\n\t\t\t\t<div class=\"elementor-widget-container\">\n\t\t\t\t\t<div class=\"elementor-icon-box-wrapper\">\n\t\t\t\t\t\t<div class=\"elementor-icon-box-icon\">\n\t\t\t\t<span class=\"elementor-icon elementor-animation-\" >\n\t\t\t\t<i aria-hidden=\"true\" class=\"fas fa-hands\"><\/i>\t\t\t\t<\/span>\n\t\t\t<\/div>\n\t\t\t\t\t\t<div class=\"elementor-icon-box-content\">\n\t\t\t\t<h3 class=\"elementor-icon-box-title\">\n\t\t\t\t\t<span >VALORES<\/span>\n\t\t\t\t<\/h3>\n\t\t\t\t\t\t\t<\/div>\n\t\t<\/div>\n\t\t\t\t<\/div>\n\t\t\t\t<\/div>\n\t\t\t\t<div class=\"elementor-element elementor-element-a0a263b elementor-widget elementor-widget-text-editor\" data-id=\"a0a263b\" data-element_type=\"widget\" data-widget_type=\"text-editor.default\">\n\t\t\t\t<div class=\"elementor-widget-container\">\n\t\t\t\t\t<div class=\"elementor-text-editor elementor-clearfix\"><ul><li>Responsabilidade social;<\/li><li>Compromisso;<\/li><li>Respeito;<\/li><li>Bom relacionamento com os nossos clientes;<\/li><li>Trabalho transparente, respons\u00e1vel e que gere confian\u00e7a;<\/li><li>Equipe focada, comprometida, consistente, visando os mais altos padr\u00f5es de \u00e9tica.<\/li><\/ul><\/div>\n\t\t\t\t<\/div>\n\t\t\t\t<\/div>\n\t\t\t\t\t<\/div>\n\t\t<\/div>\n\t\t\t\t\t\t\t<\/div>\n\t\t<\/section>\n\t\t\t\t\t\t<\/div>\n\t\t\t\t\t<\/div>\n\t\t","protected":false},"excerpt":{"rendered":"<p>Somos uma empresa comprometida com a Educa\u00e7\u00e3o! MISS\u00c3O Empenho para a excel\u00eancia e a qualidade de nossos servi\u00e7os e produtos, fideliza\u00e7\u00e3o dos nossos clientes pela satisfa\u00e7\u00e3o que a empresa promove e valoriza\u00e7\u00e3o do ensino atrav\u00e9s dos recursos e conhecimentos tecnol\u00f3gicos avan\u00e7ados. VIS\u00c3O Ser uma empresa refer\u00eancia em Educa\u00e7\u00e3o Tecnol\u00f3gica, transformando o ensino de forma global &#8230; <a title=\"A Zouglee\" class=\"read-more\" href=\"https:\/\/zouglee.com.br\/site\/a-zouglee\/\" aria-label=\"More on A Zouglee\">Ler mais<\/a><\/p>\n","protected":false},"author":1,"featured_media":0,"parent":0,"menu_order":0,"comment_status":"closed","ping_status":"closed","template":"elementor_header_footer","meta":{"footnotes":""},"class_list":["post-527","page","type-page","status-publish"],"_links":{"self":[{"href":"https:\/\/zouglee.com.br\/site\/wp-json\/wp\/v2\/pages\/527","targetHints":{"allow":["GET"]}}],"collection":[{"href":"https:\/\/zouglee.com.br\/site\/wp-json\/wp\/v2\/pages"}],"about":[{"href":"https:\/\/zouglee.com.br\/site\/wp-json\/wp\/v2\/types\/page"}],"author":[{"embeddable":true,"href":"https:\/\/zouglee.com.br\/site\/wp-json\/wp\/v2\/users\/1"}],"replies":[{"embeddable":true,"href":"https:\/\/zouglee.com.br\/site\/wp-json\/wp\/v2\/comments?post=527"}],"version-history":[{"count":58,"href":"https:\/\/zouglee.com.br\/site\/wp-json\/wp\/v2\/pages\/527\/revisions"}],"predecessor-version":[{"id":2161,"href":"https:\/\/zouglee.com.br\/site\/wp-json\/wp\/v2\/pages\/527\/revisions\/2161"}],"wp:attachment":[{"href":"https:\/\/zouglee.com.br\/site\/wp-json\/wp\/v2\/media?parent=527"}],"curies":[{"name":"wp","href":"https:\/\/api.w.org\/{rel}","templated":true}]}}