{"id":594,"date":"2021-09-02T17:26:55","date_gmt":"2021-09-02T20:26:55","guid":{"rendered":"https:\/\/zouglee.com.br\/site\/?page_id=594"},"modified":"2021-10-26T20:26:18","modified_gmt":"2021-10-26T23:26:18","slug":"os-zougleeiros","status":"publish","type":"page","link":"https:\/\/zouglee.com.br\/site\/os-zougleeiros\/","title":{"rendered":"Os Zougleeiros"},"content":{"rendered":"\t\t<div data-elementor-type=\"wp-page\" data-elementor-id=\"594\" class=\"elementor elementor-594\" data-elementor-settings=\"[]\">\n\t\t\t\t\t\t\t<div class=\"elementor-section-wrap\">\n\t\t\t\t\t\t\t<section class=\"elementor-section elementor-top-section elementor-element elementor-element-4b77eae elementor-section-boxed elementor-section-height-default elementor-section-height-default\" data-id=\"4b77eae\" data-element_type=\"section\" data-settings=\"{&quot;background_background&quot;:&quot;classic&quot;}\">\n\t\t\t\t\t\t\t<div class=\"elementor-background-overlay\"><\/div>\n\t\t\t\t\t\t\t<div class=\"elementor-container elementor-column-gap-no\">\n\t\t\t\t\t<div class=\"elementor-column elementor-col-100 elementor-top-column elementor-element elementor-element-35e85e6\" data-id=\"35e85e6\" data-element_type=\"column\">\n\t\t\t<div class=\"elementor-widget-wrap elementor-element-populated\">\n\t\t\t\t\t\t\t\t\t<\/div>\n\t\t<\/div>\n\t\t\t\t\t\t\t<\/div>\n\t\t<\/section>\n\t\t\t\t<section class=\"elementor-section elementor-top-section elementor-element elementor-element-245d185 elementor-section-boxed elementor-section-height-default elementor-section-height-default\" data-id=\"245d185\" data-element_type=\"section\">\n\t\t\t\t\t\t<div class=\"elementor-container elementor-column-gap-no\">\n\t\t\t\t\t<div class=\"elementor-column elementor-col-33 elementor-top-column elementor-element elementor-element-83b2f19\" data-id=\"83b2f19\" data-element_type=\"column\">\n\t\t\t<div class=\"elementor-widget-wrap elementor-element-populated\">\n\t\t\t\t\t\t\t\t<div class=\"elementor-element elementor-element-8a361e5 elementor-widget elementor-widget-text-editor\" data-id=\"8a361e5\" data-element_type=\"widget\" data-widget_type=\"text-editor.default\">\n\t\t\t\t<div class=\"elementor-widget-container\">\n\t\t\t\t\t<div class=\"elementor-text-editor elementor-clearfix\"><p><strong>Zougleeiros<\/strong> s\u00e3o todos os apaixonados por <strong>\u201ctecnologia na veia\u201d<\/strong> e caminham com a <strong>Zouglee<\/strong> nesta jornada.<\/p><\/div>\n\t\t\t\t<\/div>\n\t\t\t\t<\/div>\n\t\t\t\t<div class=\"elementor-element elementor-element-4a90904 elementor-widget elementor-widget-image\" data-id=\"4a90904\" data-element_type=\"widget\" data-widget_type=\"image.default\">\n\t\t\t\t<div class=\"elementor-widget-container\">\n\t\t\t\t\t<div class=\"elementor-image\">\n\t\t\t\t\t\t\t\t\t\t<img loading=\"lazy\" decoding=\"async\" width=\"768\" height=\"402\" src=\"https:\/\/zouglee.com.br\/site\/wp-content\/uploads\/2021\/10\/zougleeiros_3-768x402.jpg\" class=\"attachment-medium_large size-medium_large\" alt=\"\" srcset=\"https:\/\/zouglee.com.br\/site\/wp-content\/uploads\/2021\/10\/zougleeiros_3-768x402.jpg 768w, https:\/\/zouglee.com.br\/site\/wp-content\/uploads\/2021\/10\/zougleeiros_3-300x157.jpg 300w, https:\/\/zouglee.com.br\/site\/wp-content\/uploads\/2021\/10\/zougleeiros_3-1024x537.jpg 1024w, https:\/\/zouglee.com.br\/site\/wp-content\/uploads\/2021\/10\/zougleeiros_3-600x314.jpg 600w, https:\/\/zouglee.com.br\/site\/wp-content\/uploads\/2021\/10\/zougleeiros_3.jpg 1042w\" sizes=\"auto, (max-width: 768px) 100vw, 768px\" \/>\t\t\t\t\t\t\t\t\t\t\t<\/div>\n\t\t\t\t<\/div>\n\t\t\t\t<\/div>\n\t\t\t\t\t<\/div>\n\t\t<\/div>\n\t\t\t\t<div class=\"elementor-column elementor-col-33 elementor-top-column elementor-element elementor-element-a315138\" data-id=\"a315138\" data-element_type=\"column\">\n\t\t\t<div class=\"elementor-widget-wrap elementor-element-populated\">\n\t\t\t\t\t\t\t\t<div class=\"elementor-element elementor-element-bcb7282 elementor-widget elementor-widget-image\" data-id=\"bcb7282\" data-element_type=\"widget\" data-widget_type=\"image.default\">\n\t\t\t\t<div class=\"elementor-widget-container\">\n\t\t\t\t\t<div class=\"elementor-image\">\n\t\t\t\t\t\t\t\t\t\t<img loading=\"lazy\" decoding=\"async\" width=\"768\" height=\"511\" src=\"https:\/\/zouglee.com.br\/site\/wp-content\/uploads\/2021\/10\/zougleeiros_1-768x511.jpg\" class=\"attachment-medium_large size-medium_large\" alt=\"\" srcset=\"https:\/\/zouglee.com.br\/site\/wp-content\/uploads\/2021\/10\/zougleeiros_1-768x511.jpg 768w, https:\/\/zouglee.com.br\/site\/wp-content\/uploads\/2021\/10\/zougleeiros_1-300x199.jpg 300w, https:\/\/zouglee.com.br\/site\/wp-content\/uploads\/2021\/10\/zougleeiros_1-1024x681.jpg 1024w, https:\/\/zouglee.com.br\/site\/wp-content\/uploads\/2021\/10\/zougleeiros_1-600x399.jpg 600w, https:\/\/zouglee.com.br\/site\/wp-content\/uploads\/2021\/10\/zougleeiros_1.jpg 1280w\" sizes=\"auto, (max-width: 768px) 100vw, 768px\" \/>\t\t\t\t\t\t\t\t\t\t\t<\/div>\n\t\t\t\t<\/div>\n\t\t\t\t<\/div>\n\t\t\t\t<div class=\"elementor-element elementor-element-0fd8c72 elementor-widget elementor-widget-text-editor\" data-id=\"0fd8c72\" data-element_type=\"widget\" data-widget_type=\"text-editor.default\">\n\t\t\t\t<div class=\"elementor-widget-container\">\n\t\t\t\t\t<div class=\"elementor-text-editor elementor-clearfix\"><p>A <strong>Zouglee<\/strong> tem como diretriz principal, a utiliza\u00e7\u00e3o da tecnologia como uma aliada no processo de ensino e aprendizagem, tornando-a um instrumento de <strong>transforma\u00e7\u00e3o e forma\u00e7\u00e3o de pessoas envolvidas com o bem, ativas, criativas, estudiosa, atentas e conscientes de seu papel na sociedade.<\/strong><\/p><\/div>\n\t\t\t\t<\/div>\n\t\t\t\t<\/div>\n\t\t\t\t\t<\/div>\n\t\t<\/div>\n\t\t\t\t<div class=\"elementor-column elementor-col-33 elementor-top-column elementor-element elementor-element-1681fdc\" data-id=\"1681fdc\" data-element_type=\"column\">\n\t\t\t<div class=\"elementor-widget-wrap elementor-element-populated\">\n\t\t\t\t\t\t\t\t<div class=\"elementor-element elementor-element-5da49ea elementor-widget elementor-widget-text-editor\" data-id=\"5da49ea\" data-element_type=\"widget\" data-widget_type=\"text-editor.default\">\n\t\t\t\t<div class=\"elementor-widget-container\">\n\t\t\t\t\t<div class=\"elementor-text-editor elementor-clearfix\"><p>Tenha uma equipe de <strong>Zougleeiros<\/strong> que s\u00e3o da \u00e1rea da educa\u00e7\u00e3o, isso \u00e9 um diferencial importante, tamb\u00e9m da <strong>tecnologia, artes, matem\u00e1tica, f\u00edsica, ci\u00eancia<\/strong>, que estar\u00e1 junto com voc\u00ea!<\/p><\/div>\n\t\t\t\t<\/div>\n\t\t\t\t<\/div>\n\t\t\t\t<div class=\"elementor-element elementor-element-b9a5a5e elementor-widget elementor-widget-image\" data-id=\"b9a5a5e\" data-element_type=\"widget\" data-widget_type=\"image.default\">\n\t\t\t\t<div class=\"elementor-widget-container\">\n\t\t\t\t\t<div class=\"elementor-image\">\n\t\t\t\t\t\t\t\t\t\t<img loading=\"lazy\" decoding=\"async\" width=\"1024\" height=\"498\" src=\"https:\/\/zouglee.com.br\/site\/wp-content\/uploads\/2021\/10\/zougleeiros_2-1024x498.jpg\" class=\"attachment-large size-large\" alt=\"\" srcset=\"https:\/\/zouglee.com.br\/site\/wp-content\/uploads\/2021\/10\/zougleeiros_2-1024x498.jpg 1024w, https:\/\/zouglee.com.br\/site\/wp-content\/uploads\/2021\/10\/zougleeiros_2-300x146.jpg 300w, https:\/\/zouglee.com.br\/site\/wp-content\/uploads\/2021\/10\/zougleeiros_2-768x373.jpg 768w, https:\/\/zouglee.com.br\/site\/wp-content\/uploads\/2021\/10\/zougleeiros_2-600x292.jpg 600w, https:\/\/zouglee.com.br\/site\/wp-content\/uploads\/2021\/10\/zougleeiros_2.jpg 1152w\" sizes=\"auto, (max-width: 1024px) 100vw, 1024px\" \/>\t\t\t\t\t\t\t\t\t\t\t<\/div>\n\t\t\t\t<\/div>\n\t\t\t\t<\/div>\n\t\t\t\t\t<\/div>\n\t\t<\/div>\n\t\t\t\t\t\t\t<\/div>\n\t\t<\/section>\n\t\t\t\t\t\t<\/div>\n\t\t\t\t\t<\/div>\n\t\t","protected":false},"excerpt":{"rendered":"<p>Zougleeiros s\u00e3o todos os apaixonados por \u201ctecnologia na veia\u201d e caminham com a Zouglee nesta jornada. A Zouglee tem como diretriz principal, a utiliza\u00e7\u00e3o da tecnologia como uma aliada no processo de ensino e aprendizagem, tornando-a um instrumento de transforma\u00e7\u00e3o e forma\u00e7\u00e3o de pessoas envolvidas com o bem, ativas, criativas, estudiosa, atentas e conscientes de &#8230; <a title=\"Os Zougleeiros\" class=\"read-more\" href=\"https:\/\/zouglee.com.br\/site\/os-zougleeiros\/\" aria-label=\"More on Os Zougleeiros\">Ler mais<\/a><\/p>\n","protected":false},"author":1,"featured_media":0,"parent":0,"menu_order":0,"comment_status":"closed","ping_status":"closed","template":"elementor_header_footer","meta":{"footnotes":""},"class_list":["post-594","page","type-page","status-publish"],"_links":{"self":[{"href":"https:\/\/zouglee.com.br\/site\/wp-json\/wp\/v2\/pages\/594","targetHints":{"allow":["GET"]}}],"collection":[{"href":"https:\/\/zouglee.com.br\/site\/wp-json\/wp\/v2\/pages"}],"about":[{"href":"https:\/\/zouglee.com.br\/site\/wp-json\/wp\/v2\/types\/page"}],"author":[{"embeddable":true,"href":"https:\/\/zouglee.com.br\/site\/wp-json\/wp\/v2\/users\/1"}],"replies":[{"embeddable":true,"href":"https:\/\/zouglee.com.br\/site\/wp-json\/wp\/v2\/comments?post=594"}],"version-history":[{"count":49,"href":"https:\/\/zouglee.com.br\/site\/wp-json\/wp\/v2\/pages\/594\/revisions"}],"predecessor-version":[{"id":1464,"href":"https:\/\/zouglee.com.br\/site\/wp-json\/wp\/v2\/pages\/594\/revisions\/1464"}],"wp:attachment":[{"href":"https:\/\/zouglee.com.br\/site\/wp-json\/wp\/v2\/media?parent=594"}],"curies":[{"name":"wp","href":"https:\/\/api.w.org\/{rel}","templated":true}]}}