{"id":681,"date":"2021-09-02T19:40:57","date_gmt":"2021-09-02T22:40:57","guid":{"rendered":"https:\/\/zouglee.com.br\/site\/?page_id=681"},"modified":"2021-10-26T17:42:25","modified_gmt":"2021-10-26T20:42:25","slug":"oficina-de-games","status":"publish","type":"page","link":"https:\/\/zouglee.com.br\/site\/oficina-de-games\/","title":{"rendered":"Oficina de Games"},"content":{"rendered":"\t\t<div data-elementor-type=\"wp-page\" data-elementor-id=\"681\" class=\"elementor elementor-681\" data-elementor-settings=\"[]\">\n\t\t\t\t\t\t\t<div class=\"elementor-section-wrap\">\n\t\t\t\t\t\t\t<section class=\"elementor-section elementor-top-section elementor-element elementor-element-4b77eae elementor-section-boxed elementor-section-height-default elementor-section-height-default\" data-id=\"4b77eae\" data-element_type=\"section\" data-settings=\"{&quot;background_background&quot;:&quot;classic&quot;}\">\n\t\t\t\t\t\t\t<div class=\"elementor-background-overlay\"><\/div>\n\t\t\t\t\t\t\t<div class=\"elementor-container elementor-column-gap-no\">\n\t\t\t\t\t<div class=\"elementor-column elementor-col-100 elementor-top-column elementor-element elementor-element-35e85e6\" data-id=\"35e85e6\" data-element_type=\"column\">\n\t\t\t<div class=\"elementor-widget-wrap elementor-element-populated\">\n\t\t\t\t\t\t\t\t\t<\/div>\n\t\t<\/div>\n\t\t\t\t\t\t\t<\/div>\n\t\t<\/section>\n\t\t\t\t<section class=\"elementor-section elementor-top-section elementor-element elementor-element-3cb2267 elementor-section-full_width elementor-section-height-default elementor-section-height-default\" data-id=\"3cb2267\" data-element_type=\"section\">\n\t\t\t\t\t\t<div class=\"elementor-container elementor-column-gap-no\">\n\t\t\t\t\t<div class=\"elementor-column elementor-col-50 elementor-top-column elementor-element elementor-element-75927a4\" data-id=\"75927a4\" data-element_type=\"column\">\n\t\t\t<div class=\"elementor-widget-wrap elementor-element-populated\">\n\t\t\t\t\t\t\t\t<div class=\"elementor-element elementor-element-2cda7cc elementor-widget elementor-widget-text-editor\" data-id=\"2cda7cc\" data-element_type=\"widget\" data-widget_type=\"text-editor.default\">\n\t\t\t\t<div class=\"elementor-widget-container\">\n\t\t\t\t\t<div class=\"elementor-text-editor elementor-clearfix\"><h3><strong>Metodologias ativas, resolu\u00e7\u00e3o de problemas, constru\u00e7\u00e3o do pensamento l\u00f3gico e computacional para o desenvolvimento de games.<\/strong><\/h3><p>N\u00e3o falamos aqui especificamente do jogador, mas especialmente de quem o desenvolve.<\/p><p>Al\u00e9m da programa\u00e7\u00e3o, trabalhamos habilidades como criatividade, design, inova\u00e7\u00e3o, comunica\u00e7\u00e3o, solu\u00e7\u00f5es de problemas, versatilidade.<\/p><p>No Brasil, buscam-se profissionais multifacetados, ou seja, que possam contribuir em diversos segmentos do jogo, como design, programa\u00e7\u00e3o, \u00e1udio, entre outros. Quanto mais abrangente for a contribui\u00e7\u00e3o do profissional no projeto, maior ser\u00e1 sua relev\u00e2ncia. Por isso, para se destacar, refor\u00e7amos a import\u00e2ncia de estudar, se profissionalizar e se aperfei\u00e7oar sempre.<\/p><\/div>\n\t\t\t\t<\/div>\n\t\t\t\t<\/div>\n\t\t\t\t\t<\/div>\n\t\t<\/div>\n\t\t\t\t<div class=\"elementor-column elementor-col-50 elementor-top-column elementor-element elementor-element-6fb508b\" data-id=\"6fb508b\" data-element_type=\"column\">\n\t\t\t<div class=\"elementor-widget-wrap elementor-element-populated\">\n\t\t\t\t\t\t\t\t<div class=\"elementor-element elementor-element-ef2ff8b elementor-widget elementor-widget-image\" data-id=\"ef2ff8b\" data-element_type=\"widget\" data-widget_type=\"image.default\">\n\t\t\t\t<div class=\"elementor-widget-container\">\n\t\t\t\t\t<div class=\"elementor-image\">\n\t\t\t\t\t\t\t\t\t\t<img loading=\"lazy\" decoding=\"async\" width=\"1000\" height=\"562\" src=\"https:\/\/zouglee.com.br\/site\/wp-content\/uploads\/2021\/10\/02.jpg\" class=\"attachment-large size-large\" alt=\"\" srcset=\"https:\/\/zouglee.com.br\/site\/wp-content\/uploads\/2021\/10\/02.jpg 1000w, https:\/\/zouglee.com.br\/site\/wp-content\/uploads\/2021\/10\/02-300x169.jpg 300w, https:\/\/zouglee.com.br\/site\/wp-content\/uploads\/2021\/10\/02-768x432.jpg 768w, https:\/\/zouglee.com.br\/site\/wp-content\/uploads\/2021\/10\/02-600x337.jpg 600w\" sizes=\"auto, (max-width: 1000px) 100vw, 1000px\" \/>\t\t\t\t\t\t\t\t\t\t\t<\/div>\n\t\t\t\t<\/div>\n\t\t\t\t<\/div>\n\t\t\t\t<div class=\"elementor-element elementor-element-bc18396 elementor-headline--style-rotate elementor-widget elementor-widget-animated-headline\" data-id=\"bc18396\" data-element_type=\"widget\" data-settings=\"{&quot;headline_style&quot;:&quot;rotate&quot;,&quot;rotating_text&quot;:&quot;Eu quero\\nEu planejo\\nEu persisto\\nEu posso&quot;,&quot;rotate_iteration_delay&quot;:1000,&quot;animation_type&quot;:&quot;typing&quot;,&quot;loop&quot;:&quot;yes&quot;}\" data-widget_type=\"animated-headline.default\">\n\t\t\t\t<div class=\"elementor-widget-container\">\n\t\t\t\t\t<h3 class=\"elementor-headline elementor-headline-animation-type-typing elementor-headline-letters\">\n\t\t\t\t\t<span class=\"elementor-headline-plain-text elementor-headline-text-wrapper\">int main () {<\/span>\n\t\t\t\t<span class=\"elementor-headline-dynamic-wrapper elementor-headline-text-wrapper\">\n\t\t\t\t\t<span class=\"elementor-headline-dynamic-text elementor-headline-text-active\">\n\t\t\t\tEu&nbsp;quero\t\t\t<\/span>\n\t\t\t\t\t<span class=\"elementor-headline-dynamic-text \">\n\t\t\t\tEu&nbsp;planejo\t\t\t<\/span>\n\t\t\t\t\t<span class=\"elementor-headline-dynamic-text \">\n\t\t\t\tEu&nbsp;persisto\t\t\t<\/span>\n\t\t\t\t\t<span class=\"elementor-headline-dynamic-text \">\n\t\t\t\tEu&nbsp;posso\t\t\t<\/span>\n\t\t\t\t\t\t<\/span>\n\t\t\t\t<\/h3>\n\t\t\t\t<\/div>\n\t\t\t\t<\/div>\n\t\t\t\t\t<\/div>\n\t\t<\/div>\n\t\t\t\t\t\t\t<\/div>\n\t\t<\/section>\n\t\t\t\t<section class=\"elementor-section elementor-top-section elementor-element elementor-element-3c634c9 elementor-section-full_width elementor-reverse-tablet elementor-reverse-mobile elementor-section-height-default elementor-section-height-default\" data-id=\"3c634c9\" data-element_type=\"section\">\n\t\t\t\t\t\t<div class=\"elementor-container elementor-column-gap-no\">\n\t\t\t\t\t<div class=\"elementor-column elementor-col-50 elementor-top-column elementor-element elementor-element-0d710dc\" data-id=\"0d710dc\" data-element_type=\"column\" data-settings=\"{&quot;background_background&quot;:&quot;classic&quot;}\">\n\t\t\t<div class=\"elementor-widget-wrap elementor-element-populated\">\n\t\t\t\t\t\t\t\t<div class=\"elementor-element elementor-element-f7eee12 elementor-hidden-desktop elementor-widget elementor-widget-spacer\" data-id=\"f7eee12\" data-element_type=\"widget\" data-widget_type=\"spacer.default\">\n\t\t\t\t<div class=\"elementor-widget-container\">\n\t\t\t\t\t<div class=\"elementor-spacer\">\n\t\t\t<div class=\"elementor-spacer-inner\"><\/div>\n\t\t<\/div>\n\t\t\t\t<\/div>\n\t\t\t\t<\/div>\n\t\t\t\t\t<\/div>\n\t\t<\/div>\n\t\t\t\t<div class=\"elementor-column elementor-col-50 elementor-top-column elementor-element elementor-element-761dff8\" data-id=\"761dff8\" data-element_type=\"column\">\n\t\t\t<div class=\"elementor-widget-wrap elementor-element-populated\">\n\t\t\t\t\t\t\t\t<div class=\"elementor-element elementor-element-cbd8320 elementor-widget elementor-widget-text-editor\" data-id=\"cbd8320\" data-element_type=\"widget\" data-widget_type=\"text-editor.default\">\n\t\t\t\t<div class=\"elementor-widget-container\">\n\t\t\t\t\t<div class=\"elementor-text-editor elementor-clearfix\"><div>Nas\u00a0<strong>Oficinas de Games<\/strong>\u00a0utilizamos softwares para resolver problemas e engajar pessoas, de forma persuasiva, estimulando a competi\u00e7\u00e3o atrav\u00e9s da pontua\u00e7\u00e3o, recompensa, premia\u00e7\u00e3o e outros elementos, assim como de maneira colaborativa, atrav\u00e9s da coopera\u00e7\u00e3o, est\u00edmulo\u00a0aos desafios, descobertas, miss\u00f5es, buscando a intera\u00e7\u00e3o entre os participantes.<\/div><div>\u00a0<\/div><div>Ao planejar e implementar processos de aprendizagem \u00e9 importante contemplar alguns aspectos b\u00e1sicos de um desenvolvimento de game:<\/div><\/div>\n\t\t\t\t<\/div>\n\t\t\t\t<\/div>\n\t\t\t\t<div class=\"elementor-element elementor-element-92c4ac0 elementor-widget__width-auto elementor-invisible elementor-widget elementor-widget-heading\" data-id=\"92c4ac0\" data-element_type=\"widget\" data-settings=\"{&quot;_animation&quot;:&quot;bounceIn&quot;,&quot;_animation_delay&quot;:100}\" data-widget_type=\"heading.default\">\n\t\t\t\t<div class=\"elementor-widget-container\">\n\t\t\t<h3 class=\"elementor-heading-title elementor-size-default\"><i class=\"far fa-lightbulb\"><\/i> REGRAS<\/h3>\t\t<\/div>\n\t\t\t\t<\/div>\n\t\t\t\t<div class=\"elementor-element elementor-element-ae7023b elementor-widget__width-auto elementor-invisible elementor-widget elementor-widget-heading\" data-id=\"ae7023b\" data-element_type=\"widget\" data-settings=\"{&quot;_animation&quot;:&quot;bounceIn&quot;,&quot;_animation_delay&quot;:200}\" data-widget_type=\"heading.default\">\n\t\t\t\t<div class=\"elementor-widget-container\">\n\t\t\t<h3 class=\"elementor-heading-title elementor-size-default\"><i class=\"far fa-lightbulb\"><\/i> OBJETIVOS<\/h3>\t\t<\/div>\n\t\t\t\t<\/div>\n\t\t\t\t<div class=\"elementor-element elementor-element-b7ce62c elementor-widget__width-auto elementor-invisible elementor-widget elementor-widget-heading\" data-id=\"b7ce62c\" data-element_type=\"widget\" data-settings=\"{&quot;_animation&quot;:&quot;bounceIn&quot;,&quot;_animation_delay&quot;:300}\" data-widget_type=\"heading.default\">\n\t\t\t\t<div class=\"elementor-widget-container\">\n\t\t\t<h3 class=\"elementor-heading-title elementor-size-default\"><i class=\"far fa-lightbulb\"><\/i> RESULTADOS<\/h3>\t\t<\/div>\n\t\t\t\t<\/div>\n\t\t\t\t<div class=\"elementor-element elementor-element-c5e965a elementor-widget__width-auto elementor-invisible elementor-widget elementor-widget-heading\" data-id=\"c5e965a\" data-element_type=\"widget\" data-settings=\"{&quot;_animation&quot;:&quot;bounceIn&quot;,&quot;_animation_delay&quot;:400}\" data-widget_type=\"heading.default\">\n\t\t\t\t<div class=\"elementor-widget-container\">\n\t\t\t<h3 class=\"elementor-heading-title elementor-size-default\"><i class=\"far fa-lightbulb\"><\/i> INTERA\u00c7\u00c3O<\/h3>\t\t<\/div>\n\t\t\t\t<\/div>\n\t\t\t\t<div class=\"elementor-element elementor-element-88bfde8 elementor-widget__width-auto elementor-invisible elementor-widget elementor-widget-heading\" data-id=\"88bfde8\" data-element_type=\"widget\" data-settings=\"{&quot;_animation&quot;:&quot;bounceIn&quot;,&quot;_animation_delay&quot;:500}\" data-widget_type=\"heading.default\">\n\t\t\t\t<div class=\"elementor-widget-container\">\n\t\t\t<h3 class=\"elementor-heading-title elementor-size-default\"><i class=\"far fa-lightbulb\"><\/i> REPRESENTA\u00c7\u00c3O OU ENREDO<\/h3>\t\t<\/div>\n\t\t\t\t<\/div>\n\t\t\t\t<div class=\"elementor-element elementor-element-b3cd406 elementor-widget elementor-widget-text-editor\" data-id=\"b3cd406\" data-element_type=\"widget\" data-widget_type=\"text-editor.default\">\n\t\t\t\t<div class=\"elementor-widget-container\">\n\t\t\t\t\t<div class=\"elementor-text-editor elementor-clearfix\"><p>Cada elabora\u00e7\u00e3o de game envolve o desenvolvimento de ideias criativas, pensamento estrat\u00e9gico e a solu\u00e7\u00e3o de desafios por meios inovadores, promovendo o engajamento entre os alunos e ressignificando a educa\u00e7\u00e3o formal.<\/p><\/div>\n\t\t\t\t<\/div>\n\t\t\t\t<\/div>\n\t\t\t\t<div class=\"elementor-element elementor-element-baffc00 elementor-widget elementor-widget-text-editor\" data-id=\"baffc00\" data-element_type=\"widget\" data-widget_type=\"text-editor.default\">\n\t\t\t\t<div class=\"elementor-widget-container\">\n\t\t\t\t\t<div class=\"elementor-text-editor elementor-clearfix\"><\/div>\n\t\t\t\t<\/div>\n\t\t\t\t<\/div>\n\t\t\t\t\t<\/div>\n\t\t<\/div>\n\t\t\t\t\t\t\t<\/div>\n\t\t<\/section>\n\t\t\t\t\t\t<\/div>\n\t\t\t\t\t<\/div>\n\t\t","protected":false},"excerpt":{"rendered":"<p>Metodologias ativas, resolu\u00e7\u00e3o de problemas, constru\u00e7\u00e3o do pensamento l\u00f3gico e computacional para o desenvolvimento de games. N\u00e3o falamos aqui especificamente do jogador, mas especialmente de quem o desenvolve. Al\u00e9m da programa\u00e7\u00e3o, trabalhamos habilidades como criatividade, design, inova\u00e7\u00e3o, comunica\u00e7\u00e3o, solu\u00e7\u00f5es de problemas, versatilidade. No Brasil, buscam-se profissionais multifacetados, ou seja, que possam contribuir em diversos segmentos &#8230; <a title=\"Oficina de Games\" class=\"read-more\" href=\"https:\/\/zouglee.com.br\/site\/oficina-de-games\/\" aria-label=\"More on Oficina de Games\">Ler mais<\/a><\/p>\n","protected":false},"author":1,"featured_media":0,"parent":0,"menu_order":0,"comment_status":"closed","ping_status":"closed","template":"elementor_header_footer","meta":{"footnotes":""},"class_list":["post-681","page","type-page","status-publish"],"_links":{"self":[{"href":"https:\/\/zouglee.com.br\/site\/wp-json\/wp\/v2\/pages\/681","targetHints":{"allow":["GET"]}}],"collection":[{"href":"https:\/\/zouglee.com.br\/site\/wp-json\/wp\/v2\/pages"}],"about":[{"href":"https:\/\/zouglee.com.br\/site\/wp-json\/wp\/v2\/types\/page"}],"author":[{"embeddable":true,"href":"https:\/\/zouglee.com.br\/site\/wp-json\/wp\/v2\/users\/1"}],"replies":[{"embeddable":true,"href":"https:\/\/zouglee.com.br\/site\/wp-json\/wp\/v2\/comments?post=681"}],"version-history":[{"count":100,"href":"https:\/\/zouglee.com.br\/site\/wp-json\/wp\/v2\/pages\/681\/revisions"}],"predecessor-version":[{"id":1404,"href":"https:\/\/zouglee.com.br\/site\/wp-json\/wp\/v2\/pages\/681\/revisions\/1404"}],"wp:attachment":[{"href":"https:\/\/zouglee.com.br\/site\/wp-json\/wp\/v2\/media?parent=681"}],"curies":[{"name":"wp","href":"https:\/\/api.w.org\/{rel}","templated":true}]}}