{"id":851,"date":"2021-09-03T13:35:02","date_gmt":"2021-09-03T16:35:02","guid":{"rendered":"https:\/\/zouglee.com.br\/site\/?page_id=851"},"modified":"2021-10-27T18:48:08","modified_gmt":"2021-10-27T21:48:08","slug":"projetos-de-robotica-cultura-maker","status":"publish","type":"page","link":"https:\/\/zouglee.com.br\/site\/projetos-de-robotica-cultura-maker\/","title":{"rendered":"Projetos de Rob\u00f3tica &#038; Cultura Maker"},"content":{"rendered":"\t\t<div data-elementor-type=\"wp-page\" data-elementor-id=\"851\" class=\"elementor elementor-851\" data-elementor-settings=\"[]\">\n\t\t\t\t\t\t\t<div class=\"elementor-section-wrap\">\n\t\t\t\t\t\t\t<section class=\"elementor-section elementor-top-section elementor-element elementor-element-4b77eae elementor-section-boxed elementor-section-height-default elementor-section-height-default\" data-id=\"4b77eae\" data-element_type=\"section\" data-settings=\"{&quot;background_background&quot;:&quot;classic&quot;}\">\n\t\t\t\t\t\t\t<div class=\"elementor-background-overlay\"><\/div>\n\t\t\t\t\t\t\t<div class=\"elementor-container elementor-column-gap-no\">\n\t\t\t\t\t<div class=\"elementor-column elementor-col-100 elementor-top-column elementor-element elementor-element-35e85e6\" data-id=\"35e85e6\" data-element_type=\"column\">\n\t\t\t<div class=\"elementor-widget-wrap elementor-element-populated\">\n\t\t\t\t\t\t\t\t\t<\/div>\n\t\t<\/div>\n\t\t\t\t\t\t\t<\/div>\n\t\t<\/section>\n\t\t\t\t<section class=\"elementor-section elementor-top-section elementor-element elementor-element-3cb2267 elementor-section-full_width elementor-section-height-default elementor-section-height-default\" data-id=\"3cb2267\" data-element_type=\"section\">\n\t\t\t\t\t\t<div class=\"elementor-container elementor-column-gap-no\">\n\t\t\t\t\t<div class=\"elementor-column elementor-col-50 elementor-top-column elementor-element elementor-element-75927a4\" data-id=\"75927a4\" data-element_type=\"column\">\n\t\t\t<div class=\"elementor-widget-wrap elementor-element-populated\">\n\t\t\t\t\t\t\t\t<div class=\"elementor-element elementor-element-2cda7cc elementor-widget elementor-widget-text-editor\" data-id=\"2cda7cc\" data-element_type=\"widget\" data-widget_type=\"text-editor.default\">\n\t\t\t\t<div class=\"elementor-widget-container\">\n\t\t\t\t\t<div class=\"elementor-text-editor elementor-clearfix\"><h2>&#8220;Programar fica menos intimidador quando os alunos participam de aulas criativas em que eles podem expressar as pr\u00f3prias ideias.&#8221;<\/h2><p><strong>Tim Hilborn, professor de tecnologia,<\/strong><br \/><strong>Abbott and Borel Middle Schools<\/strong><\/p><p>Na <strong>Zouglee<\/strong> os projetos criativos dentro da Cultura Maker ganham com conte\u00fados interessantes antes da elabora\u00e7\u00e3o pr\u00e1tica, a fim de contextualizar e informar nas aulas de Tecnologia Educacional e nas aulas de Rob\u00f3tica aprendem a programar para enriquecer seus projetos com conhecimento.<\/p><p>Com um mundo em constante mudan\u00e7as, os alunos aprendem habilidades t\u00e9cnicas e digitais, criativas, colaborativas, de programa\u00e7\u00e3o e desenvolvimento pr\u00e1tico, que ser\u00e3o importantes para que possam prosperar ampliando suas oportunidades dentro e fora da sala de aula.<\/p><\/div>\n\t\t\t\t<\/div>\n\t\t\t\t<\/div>\n\t\t\t\t\t<\/div>\n\t\t<\/div>\n\t\t\t\t<div class=\"elementor-column elementor-col-50 elementor-top-column elementor-element elementor-element-6fb508b\" data-id=\"6fb508b\" data-element_type=\"column\">\n\t\t\t<div class=\"elementor-widget-wrap elementor-element-populated\">\n\t\t\t\t\t\t\t\t<div class=\"elementor-element elementor-element-ef2ff8b elementor-widget elementor-widget-image\" data-id=\"ef2ff8b\" data-element_type=\"widget\" data-widget_type=\"image.default\">\n\t\t\t\t<div class=\"elementor-widget-container\">\n\t\t\t\t\t<div class=\"elementor-image\">\n\t\t\t\t\t\t\t\t\t\t<img loading=\"lazy\" decoding=\"async\" width=\"1024\" height=\"682\" src=\"https:\/\/zouglee.com.br\/site\/wp-content\/uploads\/2021\/09\/original-e7f461a71a9cb9117385a5b0f8817348-1024x682.jpeg\" class=\"attachment-large size-large\" alt=\"\" srcset=\"https:\/\/zouglee.com.br\/site\/wp-content\/uploads\/2021\/09\/original-e7f461a71a9cb9117385a5b0f8817348-1024x682.jpeg 1024w, https:\/\/zouglee.com.br\/site\/wp-content\/uploads\/2021\/09\/original-e7f461a71a9cb9117385a5b0f8817348-300x200.jpeg 300w, https:\/\/zouglee.com.br\/site\/wp-content\/uploads\/2021\/09\/original-e7f461a71a9cb9117385a5b0f8817348-768x512.jpeg 768w, https:\/\/zouglee.com.br\/site\/wp-content\/uploads\/2021\/09\/original-e7f461a71a9cb9117385a5b0f8817348-1536x1024.jpeg 1536w, https:\/\/zouglee.com.br\/site\/wp-content\/uploads\/2021\/09\/original-e7f461a71a9cb9117385a5b0f8817348-600x400.jpeg 600w, https:\/\/zouglee.com.br\/site\/wp-content\/uploads\/2021\/09\/original-e7f461a71a9cb9117385a5b0f8817348.jpeg 2000w\" sizes=\"auto, (max-width: 1024px) 100vw, 1024px\" \/>\t\t\t\t\t\t\t\t\t\t\t<\/div>\n\t\t\t\t<\/div>\n\t\t\t\t<\/div>\n\t\t\t\t\t<\/div>\n\t\t<\/div>\n\t\t\t\t\t\t\t<\/div>\n\t\t<\/section>\n\t\t\t\t<section class=\"elementor-section elementor-top-section elementor-element elementor-element-17a3989 elementor-section-boxed elementor-section-height-default elementor-section-height-default\" data-id=\"17a3989\" data-element_type=\"section\" data-settings=\"{&quot;animation&quot;:&quot;none&quot;,&quot;background_background&quot;:&quot;classic&quot;}\">\n\t\t\t\t\t\t<div class=\"elementor-container elementor-column-gap-no\">\n\t\t\t\t\t<div class=\"elementor-column elementor-col-100 elementor-top-column elementor-element elementor-element-d1c46d4 animated-slow elementor-invisible\" data-id=\"d1c46d4\" data-element_type=\"column\" data-settings=\"{&quot;animation&quot;:&quot;fadeInUp&quot;,&quot;animation_mobile&quot;:&quot;none&quot;}\">\n\t\t\t<div class=\"elementor-widget-wrap elementor-element-populated\">\n\t\t\t\t\t\t\t\t<div class=\"elementor-element elementor-element-310ee9e elementor-widget elementor-widget-heading\" data-id=\"310ee9e\" data-element_type=\"widget\" data-widget_type=\"heading.default\">\n\t\t\t\t<div class=\"elementor-widget-container\">\n\t\t\t<h2 class=\"elementor-heading-title elementor-size-default\">ALGUNS DE NOSSOS PROJETOS<\/h2>\t\t<\/div>\n\t\t\t\t<\/div>\n\t\t\t\t<div class=\"elementor-element elementor-element-187865f elementor-posts--thumbnail-top elementor-grid-3 elementor-grid-tablet-2 elementor-grid-mobile-1 elementor-widget elementor-widget-posts\" data-id=\"187865f\" data-element_type=\"widget\" data-settings=\"{&quot;custom_row_gap&quot;:{&quot;unit&quot;:&quot;px&quot;,&quot;size&quot;:&quot;&quot;,&quot;sizes&quot;:[]},&quot;custom_columns&quot;:&quot;3&quot;,&quot;custom_columns_tablet&quot;:&quot;2&quot;,&quot;custom_columns_mobile&quot;:&quot;1&quot;}\" data-widget_type=\"posts.custom\">\n\t\t\t\t<div class=\"elementor-widget-container\">\n\t\t\t      <div class=\"ecs-posts elementor-posts-container elementor-posts   elementor-grid elementor-posts--skin-custom\" data-settings=\"{&quot;current_page&quot;:1,&quot;max_num_pages&quot;:&quot;5&quot;,&quot;load_method&quot;:&quot;&quot;,&quot;widget_id&quot;:&quot;187865f&quot;,&quot;post_id&quot;:851,&quot;theme_id&quot;:851,&quot;change_url&quot;:false,&quot;reinit_js&quot;:false}\">\n      \t\t<article id=\"post-1921\" class=\"elementor-post elementor-grid-item ecs-post-loop post-1921 videos type-videos status-publish hentry\">\n\t\t\t\t<div data-elementor-type=\"loop\" data-elementor-id=\"1754\" class=\"elementor elementor-1754 post-1921 videos type-videos status-publish hentry\" data-elementor-settings=\"[]\">\n\t\t<div class=\"elementor-section-wrap\">\n\t\t\t\t\t<section class=\"elementor-section elementor-top-section elementor-element elementor-element-121bbee elementor-section-full_width elementor-section-height-default elementor-section-height-default\" data-id=\"121bbee\" data-element_type=\"section\">\n\t\t\t\t\t\t<div class=\"elementor-container elementor-column-gap-no\">\n\t\t\t\t\t<div class=\"elementor-column elementor-col-100 elementor-top-column elementor-element elementor-element-6d235d5\" data-id=\"6d235d5\" data-element_type=\"column\">\n\t\t\t<div class=\"elementor-widget-wrap elementor-element-populated\">\n\t\t\t\t\t\t\t\t<div class=\"elementor-element elementor-element-6f30fa2 elementor-aspect-ratio-169 elementor-widget elementor-widget-video\" data-id=\"6f30fa2\" data-element_type=\"widget\" data-settings=\"{&quot;youtube_url&quot;:&quot;https:\\\/\\\/www.youtube.com\\\/watch?v=3j8c6e0J_gU&amp;ab_channel=ZougleeEduca%C3%A7%C3%A3oTecnol%C3%B3gica&quot;,&quot;video_type&quot;:&quot;youtube&quot;,&quot;controls&quot;:&quot;yes&quot;,&quot;aspect_ratio&quot;:&quot;169&quot;}\" data-widget_type=\"video.default\">\n\t\t\t\t<div class=\"elementor-widget-container\">\n\t\t\t\t\t<div class=\"elementor-wrapper elementor-fit-aspect-ratio elementor-open-inline\">\n\t\t\t<div class=\"elementor-video\"><\/div>\t\t<\/div>\n\t\t\t\t<\/div>\n\t\t\t\t<\/div>\n\t\t\t\t<div class=\"elementor-element elementor-element-00e878e elementor-widget elementor-widget-heading\" data-id=\"00e878e\" data-element_type=\"widget\" data-widget_type=\"heading.default\">\n\t\t\t\t<div class=\"elementor-widget-container\">\n\t\t\t<h3 class=\"elementor-heading-title elementor-size-default\">Projeto Chap\u00e9u Mexicano &#8211; ZOUGLEE<\/h3>\t\t<\/div>\n\t\t\t\t<\/div>\n\t\t\t\t\t<\/div>\n\t\t<\/div>\n\t\t\t\t\t\t\t<\/div>\n\t\t<\/section>\n\t\t\t\t<\/div>\n\t\t<\/div>\n\t\t\t\t<\/article>\n\t\t\t\t<article id=\"post-1899\" class=\"elementor-post elementor-grid-item ecs-post-loop post-1899 videos type-videos status-publish hentry\">\n\t\t\t\t<div data-elementor-type=\"loop\" data-elementor-id=\"1754\" class=\"elementor elementor-1754 post-1899 videos type-videos status-publish hentry\" data-elementor-settings=\"[]\">\n\t\t<div class=\"elementor-section-wrap\">\n\t\t\t\t\t<section class=\"elementor-section elementor-top-section elementor-element elementor-element-121bbee elementor-section-full_width elementor-section-height-default elementor-section-height-default\" data-id=\"121bbee\" data-element_type=\"section\">\n\t\t\t\t\t\t<div class=\"elementor-container elementor-column-gap-no\">\n\t\t\t\t\t<div class=\"elementor-column elementor-col-100 elementor-top-column elementor-element elementor-element-6d235d5\" data-id=\"6d235d5\" data-element_type=\"column\">\n\t\t\t<div class=\"elementor-widget-wrap elementor-element-populated\">\n\t\t\t\t\t\t\t\t<div class=\"elementor-element elementor-element-6f30fa2 elementor-aspect-ratio-169 elementor-widget elementor-widget-video\" data-id=\"6f30fa2\" data-element_type=\"widget\" data-settings=\"{&quot;youtube_url&quot;:&quot;https:\\\/\\\/www.youtube.com\\\/watch?v=Iyg346LxL0w&amp;ab_channel=ZougleeEduca%C3%A7%C3%A3oTecnol%C3%B3gica&quot;,&quot;video_type&quot;:&quot;youtube&quot;,&quot;controls&quot;:&quot;yes&quot;,&quot;aspect_ratio&quot;:&quot;169&quot;}\" data-widget_type=\"video.default\">\n\t\t\t\t<div class=\"elementor-widget-container\">\n\t\t\t\t\t<div class=\"elementor-wrapper elementor-fit-aspect-ratio elementor-open-inline\">\n\t\t\t<div class=\"elementor-video\"><\/div>\t\t<\/div>\n\t\t\t\t<\/div>\n\t\t\t\t<\/div>\n\t\t\t\t<div class=\"elementor-element elementor-element-00e878e elementor-widget elementor-widget-heading\" data-id=\"00e878e\" data-element_type=\"widget\" data-widget_type=\"heading.default\">\n\t\t\t\t<div class=\"elementor-widget-container\">\n\t\t\t<h3 class=\"elementor-heading-title elementor-size-default\">Zbits em a\u00e7\u00e3o &#8211; ZOUGLEE<\/h3>\t\t<\/div>\n\t\t\t\t<\/div>\n\t\t\t\t\t<\/div>\n\t\t<\/div>\n\t\t\t\t\t\t\t<\/div>\n\t\t<\/section>\n\t\t\t\t<\/div>\n\t\t<\/div>\n\t\t\t\t<\/article>\n\t\t\t\t<article id=\"post-1900\" class=\"elementor-post elementor-grid-item ecs-post-loop post-1900 videos type-videos status-publish hentry\">\n\t\t\t\t<div data-elementor-type=\"loop\" data-elementor-id=\"1754\" class=\"elementor elementor-1754 post-1900 videos type-videos status-publish hentry\" data-elementor-settings=\"[]\">\n\t\t<div class=\"elementor-section-wrap\">\n\t\t\t\t\t<section class=\"elementor-section elementor-top-section elementor-element elementor-element-121bbee elementor-section-full_width elementor-section-height-default elementor-section-height-default\" data-id=\"121bbee\" data-element_type=\"section\">\n\t\t\t\t\t\t<div class=\"elementor-container elementor-column-gap-no\">\n\t\t\t\t\t<div class=\"elementor-column elementor-col-100 elementor-top-column elementor-element elementor-element-6d235d5\" data-id=\"6d235d5\" data-element_type=\"column\">\n\t\t\t<div class=\"elementor-widget-wrap elementor-element-populated\">\n\t\t\t\t\t\t\t\t<div class=\"elementor-element elementor-element-6f30fa2 elementor-aspect-ratio-169 elementor-widget elementor-widget-video\" data-id=\"6f30fa2\" data-element_type=\"widget\" data-settings=\"{&quot;youtube_url&quot;:&quot;https:\\\/\\\/www.youtube.com\\\/watch?v=UJBTtgG1zk0&amp;ab_channel=ZougleeEduca%C3%A7%C3%A3oTecnol%C3%B3gica&quot;,&quot;video_type&quot;:&quot;youtube&quot;,&quot;controls&quot;:&quot;yes&quot;,&quot;aspect_ratio&quot;:&quot;169&quot;}\" data-widget_type=\"video.default\">\n\t\t\t\t<div class=\"elementor-widget-container\">\n\t\t\t\t\t<div class=\"elementor-wrapper elementor-fit-aspect-ratio elementor-open-inline\">\n\t\t\t<div class=\"elementor-video\"><\/div>\t\t<\/div>\n\t\t\t\t<\/div>\n\t\t\t\t<\/div>\n\t\t\t\t<div class=\"elementor-element elementor-element-00e878e elementor-widget elementor-widget-heading\" data-id=\"00e878e\" data-element_type=\"widget\" data-widget_type=\"heading.default\">\n\t\t\t\t<div class=\"elementor-widget-container\">\n\t\t\t<h3 class=\"elementor-heading-title elementor-size-default\">Projeto Carro 4&#215;2 &#8211; ZOUGLEE<\/h3>\t\t<\/div>\n\t\t\t\t<\/div>\n\t\t\t\t\t<\/div>\n\t\t<\/div>\n\t\t\t\t\t\t\t<\/div>\n\t\t<\/section>\n\t\t\t\t<\/div>\n\t\t<\/div>\n\t\t\t\t<\/article>\n\t\t\t\t<\/div>\n\t\t\t\t<\/div>\n\t\t\t\t<\/div>\n\t\t\t\t<div class=\"elementor-element elementor-element-7ea452a elementor-align-center elementor-mobile-align-center elementor-widget elementor-widget-button\" data-id=\"7ea452a\" data-element_type=\"widget\" data-widget_type=\"button.default\">\n\t\t\t\t<div class=\"elementor-widget-container\">\n\t\t\t\t\t<div class=\"elementor-button-wrapper\">\n\t\t\t<a href=\"https:\/\/zouglee.com.br\/site\/videos\/\" class=\"elementor-button-link elementor-button elementor-size-lg elementor-animation-pop\" role=\"button\">\n\t\t\t\t\t\t<span class=\"elementor-button-content-wrapper\">\n\t\t\t\t\t\t<span class=\"elementor-button-text\">VER MAIS PROJETOS<\/span>\n\t\t<\/span>\n\t\t\t\t\t<\/a>\n\t\t<\/div>\n\t\t\t\t<\/div>\n\t\t\t\t<\/div>\n\t\t\t\t<div class=\"elementor-element elementor-element-2fd11e9 elementor-grid-tablet-3 elementor-posts--align-center elementor-hidden-desktop elementor-hidden-tablet elementor-hidden-phone elementor-grid-3 elementor-grid-mobile-1 elementor-posts--thumbnail-top elementor-widget elementor-widget-posts\" data-id=\"2fd11e9\" data-element_type=\"widget\" data-settings=\"{&quot;classic_row_gap&quot;:{&quot;unit&quot;:&quot;px&quot;,&quot;size&quot;:30,&quot;sizes&quot;:[]},&quot;classic_columns_tablet&quot;:&quot;3&quot;,&quot;classic_columns&quot;:&quot;3&quot;,&quot;classic_columns_mobile&quot;:&quot;1&quot;}\" data-widget_type=\"posts.classic\">\n\t\t\t\t<div class=\"elementor-widget-container\">\n\t\t\t\t\t<div class=\"elementor-posts-container elementor-posts elementor-posts--skin-classic elementor-grid\">\n\t\t\t\t<article class=\"elementor-post elementor-grid-item post-141 post type-post status-publish format-standard has-post-thumbnail hentry category-sem-categoria\">\n\t\t\t\t<a class=\"elementor-post__thumbnail__link\" href=\"https:\/\/zouglee.com.br\/site\/sem-categoria\/2021\/06\/28\/consectetur-adipiscing-elit-sed\/\" >\n\t\t\t<div class=\"elementor-post__thumbnail\"><img loading=\"lazy\" decoding=\"async\" width=\"1400\" height=\"896\" src=\"https:\/\/zouglee.com.br\/site\/wp-content\/uploads\/2021\/06\/bg_parallax_titulo_7.jpg\" class=\"attachment-full size-full\" alt=\"\" srcset=\"https:\/\/zouglee.com.br\/site\/wp-content\/uploads\/2021\/06\/bg_parallax_titulo_7.jpg 1400w, https:\/\/zouglee.com.br\/site\/wp-content\/uploads\/2021\/06\/bg_parallax_titulo_7-300x192.jpg 300w, https:\/\/zouglee.com.br\/site\/wp-content\/uploads\/2021\/06\/bg_parallax_titulo_7-1024x655.jpg 1024w, https:\/\/zouglee.com.br\/site\/wp-content\/uploads\/2021\/06\/bg_parallax_titulo_7-768x492.jpg 768w, https:\/\/zouglee.com.br\/site\/wp-content\/uploads\/2021\/06\/bg_parallax_titulo_7-600x384.jpg 600w\" sizes=\"auto, (max-width: 1400px) 100vw, 1400px\" \/><\/div>\n\t\t<\/a>\n\t\t\t\t<div class=\"elementor-post__text\">\n\t\t\t\t<h3 class=\"elementor-post__title\">\n\t\t\t<a href=\"https:\/\/zouglee.com.br\/site\/sem-categoria\/2021\/06\/28\/consectetur-adipiscing-elit-sed\/\" >\n\t\t\t\tConsectetur adipiscing elit sed\t\t\t<\/a>\n\t\t<\/h3>\n\t\t\t\t<div class=\"elementor-post__meta-data\">\n\t\t\t\t\t<span class=\"elementor-post-date\">\n\t\t\t28 de junho de 2021\t\t<\/span>\n\t\t\t\t<\/div>\n\t\t\t\t<div class=\"elementor-post__excerpt\">\n\t\t\t<p>Lorem ipsum dolor sit amet, consectetur adipiscing elit, sed do eiusmod tempor incididunt ut labore et dolore magna aliqua. Ut enim ad minim veniam, quis<\/p>\n\t\t<\/div>\n\t\t\t\t\t<a class=\"elementor-post__read-more\" href=\"https:\/\/zouglee.com.br\/site\/sem-categoria\/2021\/06\/28\/consectetur-adipiscing-elit-sed\/\" >\n\t\t\t\tLEIA MAIS\t\t\t<\/a>\n\t\t\t\t<\/div>\n\t\t\t\t<\/article>\n\t\t\t\t<article class=\"elementor-post elementor-grid-item post-142 post type-post status-publish format-standard has-post-thumbnail hentry category-sem-categoria\">\n\t\t\t\t<a class=\"elementor-post__thumbnail__link\" href=\"https:\/\/zouglee.com.br\/site\/sem-categoria\/2021\/06\/28\/sunt-in-culpa-qui-officia\/\" >\n\t\t\t<div class=\"elementor-post__thumbnail\"><img loading=\"lazy\" decoding=\"async\" width=\"1400\" height=\"896\" src=\"https:\/\/zouglee.com.br\/site\/wp-content\/uploads\/2021\/06\/bg_parallax_titulo_3.jpg\" class=\"attachment-full size-full\" alt=\"\" srcset=\"https:\/\/zouglee.com.br\/site\/wp-content\/uploads\/2021\/06\/bg_parallax_titulo_3.jpg 1400w, https:\/\/zouglee.com.br\/site\/wp-content\/uploads\/2021\/06\/bg_parallax_titulo_3-300x192.jpg 300w, https:\/\/zouglee.com.br\/site\/wp-content\/uploads\/2021\/06\/bg_parallax_titulo_3-1024x655.jpg 1024w, https:\/\/zouglee.com.br\/site\/wp-content\/uploads\/2021\/06\/bg_parallax_titulo_3-768x492.jpg 768w, https:\/\/zouglee.com.br\/site\/wp-content\/uploads\/2021\/06\/bg_parallax_titulo_3-600x384.jpg 600w\" sizes=\"auto, (max-width: 1400px) 100vw, 1400px\" \/><\/div>\n\t\t<\/a>\n\t\t\t\t<div class=\"elementor-post__text\">\n\t\t\t\t<h3 class=\"elementor-post__title\">\n\t\t\t<a href=\"https:\/\/zouglee.com.br\/site\/sem-categoria\/2021\/06\/28\/sunt-in-culpa-qui-officia\/\" >\n\t\t\t\tSunt in culpa qui officia\t\t\t<\/a>\n\t\t<\/h3>\n\t\t\t\t<div class=\"elementor-post__meta-data\">\n\t\t\t\t\t<span class=\"elementor-post-date\">\n\t\t\t28 de junho de 2021\t\t<\/span>\n\t\t\t\t<\/div>\n\t\t\t\t<div class=\"elementor-post__excerpt\">\n\t\t\t<p>Lorem ipsum dolor sit amet, consectetur adipiscing elit, sed do eiusmod tempor incididunt ut labore et dolore magna aliqua. Ut enim ad minim veniam, quis<\/p>\n\t\t<\/div>\n\t\t\t\t\t<a class=\"elementor-post__read-more\" href=\"https:\/\/zouglee.com.br\/site\/sem-categoria\/2021\/06\/28\/sunt-in-culpa-qui-officia\/\" >\n\t\t\t\tLEIA MAIS\t\t\t<\/a>\n\t\t\t\t<\/div>\n\t\t\t\t<\/article>\n\t\t\t\t<article class=\"elementor-post elementor-grid-item post-143 post type-post status-publish format-standard has-post-thumbnail hentry category-sem-categoria\">\n\t\t\t\t<a class=\"elementor-post__thumbnail__link\" href=\"https:\/\/zouglee.com.br\/site\/sem-categoria\/2021\/06\/28\/lorem-ipsum-dolor-sit-amet\/\" >\n\t\t\t<div class=\"elementor-post__thumbnail\"><img loading=\"lazy\" decoding=\"async\" width=\"1400\" height=\"896\" src=\"https:\/\/zouglee.com.br\/site\/wp-content\/uploads\/2021\/06\/bg_parallax_titulo_2.jpg\" class=\"attachment-full size-full\" alt=\"\" srcset=\"https:\/\/zouglee.com.br\/site\/wp-content\/uploads\/2021\/06\/bg_parallax_titulo_2.jpg 1400w, https:\/\/zouglee.com.br\/site\/wp-content\/uploads\/2021\/06\/bg_parallax_titulo_2-300x192.jpg 300w, https:\/\/zouglee.com.br\/site\/wp-content\/uploads\/2021\/06\/bg_parallax_titulo_2-1024x655.jpg 1024w, https:\/\/zouglee.com.br\/site\/wp-content\/uploads\/2021\/06\/bg_parallax_titulo_2-768x492.jpg 768w, https:\/\/zouglee.com.br\/site\/wp-content\/uploads\/2021\/06\/bg_parallax_titulo_2-600x384.jpg 600w\" sizes=\"auto, (max-width: 1400px) 100vw, 1400px\" \/><\/div>\n\t\t<\/a>\n\t\t\t\t<div class=\"elementor-post__text\">\n\t\t\t\t<h3 class=\"elementor-post__title\">\n\t\t\t<a href=\"https:\/\/zouglee.com.br\/site\/sem-categoria\/2021\/06\/28\/lorem-ipsum-dolor-sit-amet\/\" >\n\t\t\t\tLorem ipsum dolor sit amet\t\t\t<\/a>\n\t\t<\/h3>\n\t\t\t\t<div class=\"elementor-post__meta-data\">\n\t\t\t\t\t<span class=\"elementor-post-date\">\n\t\t\t28 de junho de 2021\t\t<\/span>\n\t\t\t\t<\/div>\n\t\t\t\t<div class=\"elementor-post__excerpt\">\n\t\t\t<p>Lorem ipsum dolor sit amet, consectetur adipiscing elit, sed do eiusmod tempor incididunt ut labore et dolore magna aliqua. Ut enim ad minim veniam, quis<\/p>\n\t\t<\/div>\n\t\t\t\t\t<a class=\"elementor-post__read-more\" href=\"https:\/\/zouglee.com.br\/site\/sem-categoria\/2021\/06\/28\/lorem-ipsum-dolor-sit-amet\/\" >\n\t\t\t\tLEIA MAIS\t\t\t<\/a>\n\t\t\t\t<\/div>\n\t\t\t\t<\/article>\n\t\t\t\t<\/div>\n\t\t\t\t<\/div>\n\t\t\t\t<\/div>\n\t\t\t\t\t<\/div>\n\t\t<\/div>\n\t\t\t\t\t\t\t<\/div>\n\t\t<\/section>\n\t\t\t\t\t\t<\/div>\n\t\t\t\t\t<\/div>\n\t\t","protected":false},"excerpt":{"rendered":"<p>&#8220;Programar fica menos intimidador quando os alunos participam de aulas criativas em que eles podem expressar as pr\u00f3prias ideias.&#8221; Tim Hilborn, professor de tecnologia,Abbott and Borel Middle Schools Na Zouglee os projetos criativos dentro da Cultura Maker ganham com conte\u00fados interessantes antes da elabora\u00e7\u00e3o pr\u00e1tica, a fim de contextualizar e informar nas aulas de Tecnologia &#8230; <a title=\"Lorem ipsum dolor sit amet\" class=\"read-more\" href=\"https:\/\/zouglee.com.br\/site\/sem-categoria\/2021\/06\/28\/lorem-ipsum-dolor-sit-amet\/\" aria-label=\"More on Lorem ipsum dolor sit amet\">Ler mais<\/a><\/p>\n","protected":false},"author":1,"featured_media":0,"parent":0,"menu_order":0,"comment_status":"closed","ping_status":"closed","template":"elementor_header_footer","meta":{"footnotes":""},"class_list":["post-851","page","type-page","status-publish","hentry"],"_links":{"self":[{"href":"https:\/\/zouglee.com.br\/site\/wp-json\/wp\/v2\/pages\/851","targetHints":{"allow":["GET"]}}],"collection":[{"href":"https:\/\/zouglee.com.br\/site\/wp-json\/wp\/v2\/pages"}],"about":[{"href":"https:\/\/zouglee.com.br\/site\/wp-json\/wp\/v2\/types\/page"}],"author":[{"embeddable":true,"href":"https:\/\/zouglee.com.br\/site\/wp-json\/wp\/v2\/users\/1"}],"replies":[{"embeddable":true,"href":"https:\/\/zouglee.com.br\/site\/wp-json\/wp\/v2\/comments?post=851"}],"version-history":[{"count":10,"href":"https:\/\/zouglee.com.br\/site\/wp-json\/wp\/v2\/pages\/851\/revisions"}],"predecessor-version":[{"id":1771,"href":"https:\/\/zouglee.com.br\/site\/wp-json\/wp\/v2\/pages\/851\/revisions\/1771"}],"wp:attachment":[{"href":"https:\/\/zouglee.com.br\/site\/wp-json\/wp\/v2\/media?parent=851"}],"curies":[{"name":"wp","href":"https:\/\/api.w.org\/{rel}","templated":true}]}}